{"id":915,"date":"2021-09-24T12:02:59","date_gmt":"2021-09-24T10:02:59","guid":{"rendered":"https:\/\/baffest.eus\/es\/fotografas-2021\/deneb-martos\/"},"modified":"2021-10-01T11:36:45","modified_gmt":"2021-10-01T09:36:45","slug":"deneb-martos","status":"publish","type":"page","link":"https:\/\/baffest.eus\/es\/fotografas-2021\/deneb-martos\/","title":{"rendered":"Deneb Martos"},"content":{"rendered":"\n<h3 class=\"has-text-align-center wp-block-heading\">Secci\u00f3n principal<\/h3>\n\n\n\n<div class=\"wp-block-image\"><figure class=\"aligncenter size-large\"><img decoding=\"async\" src=\"https:\/\/baffest.eus\/wp-content\/uploads\/nona-pop-1024x576.jpg\" alt=\"Deneb Martos\" class=\"wp-image-1370\"\/><figcaption>Foto: La verdadera Nona Pop<\/figcaption><\/figure><\/div>\n\n\n\n<p><strong>Skin Film<\/strong>. <em>\u00abUna obra expandida y multidisciplinar en torno a la materialidad del cuerpo y a la creaci\u00f3n de una segunda piel que funciona como un acto de po\u00e9tica pol\u00edtica en tiempos de distanciamiento social\u00bb.<\/em><\/p>\n\n\n\n<p>Skin Film, un proceso colaborativo con la bailarina Cecilia Gala y el artista sonoro Wade Matthews, en el que Martos, mediante la t\u00e9cnica del quimigrama, viste la piel de Cecilia Gala con celuloide, generando un negativo de su cuerpo. La pel\u00edcula\/piel deviene luz, proyectada sobre su propio cuerpo como un segundo vestir. Para este espacio Skin Film se reformula como una instalaci\u00f3n escultural construida a partir de una selecci\u00f3n de fotogramas-cuerpo.&nbsp;<\/p>\n\n\n\n<p><strong>Biograf\u00eda<\/strong><\/p>\n\n\n\n<p>Deneb Martos es una artista visual madrile\u00f1a, especializada en pr\u00e1cticas de cine sin c\u00e1mara y procesos de revelado anal\u00f3gico alternativos. Su obra propone una expansi\u00f3n de la experiencia audiovisual hacia territorios h\u00e1pticos.<\/p>\n\n\n\n<p>Desde 2003 trabaja en el departamento de fotograf\u00eda anal\u00f3gica de La Casa Encendida de Madrid, instituci\u00f3n en la que fund\u00f3 Los Laboratorios, lugar especializado en el trabajo de t\u00e9cnicas y procesos anal\u00f3gicos. Desde 2019 es responsable de los talleres de FilmLAV del Laboratorio AudioVisual de Creaci\u00f3n y pr\u00e1ctica contempor\u00e1nea (LAV). Ha presentado sus performances audiovisuales en espacios como el Festival KONTAKTE \u201917, o en el programa Vanguardias Live de FILMADRID.<\/p>\n","protected":false},"excerpt":{"rendered":"<p>Secci\u00f3n principal Skin Film. \u00abUna obra expandida y multidisciplinar en torno a la materialidad del cuerpo y a la creaci\u00f3n de una segunda piel que funciona como un acto de po\u00e9tica pol\u00edtica en tiempos de distanciamiento social\u00bb. Skin Film, un proceso colaborativo con la bailarina Cecilia Gala y el artista sonoro Wade Matthews, en el que Martos, mediante la t\u00e9cnica del quimigrama, viste la piel de Cecilia Gala con celuloide, generando un negativo de su cuerpo. La pel\u00edcula\/piel deviene luz, [&hellip;]<\/p>\n","protected":false},"author":1,"featured_media":0,"parent":709,"menu_order":0,"comment_status":"closed","ping_status":"closed","template":"templates\/vertical-menu-2021.php","meta":{"footnotes":""},"class_list":["post-915","page","type-page","status-publish","hentry"],"yoast_head":"<!-- This site is optimized with the Yoast SEO plugin v27.3 - https:\/\/yoast.com\/product\/yoast-seo-wordpress\/ -->\n<title>Deneb Martos &#8211; BAFFEST Barakaldo<\/title>\n<meta name=\"robots\" content=\"index, follow, max-snippet:-1, max-image-preview:large, max-video-preview:-1\" \/>\n<link rel=\"canonical\" href=\"https:\/\/baffest.eus\/es\/fotografas-2021\/deneb-martos\/\" \/>\n<meta property=\"og:locale\" content=\"es_ES\" \/>\n<meta property=\"og:type\" content=\"article\" \/>\n<meta property=\"og:title\" content=\"Deneb Martos &#8211; BAFFEST Barakaldo\" \/>\n<meta property=\"og:description\" content=\"Secci\u00f3n principal Skin Film. \u00abUna obra expandida y multidisciplinar en torno a la materialidad del cuerpo y a la creaci\u00f3n de una segunda piel que funciona como un acto de po\u00e9tica pol\u00edtica en tiempos de distanciamiento social\u00bb. Skin Film, un proceso colaborativo con la bailarina Cecilia Gala y el artista sonoro Wade Matthews, en el que Martos, mediante la t\u00e9cnica del quimigrama, viste la piel de Cecilia Gala con celuloide, generando un negativo de su cuerpo. La pel\u00edcula\/piel deviene luz, [&hellip;]\" \/>\n<meta property=\"og:url\" content=\"https:\/\/baffest.eus\/es\/fotografas-2021\/deneb-martos\/\" \/>\n<meta property=\"og:site_name\" content=\"BAFFEST Barakaldo\" \/>\n<meta property=\"article:publisher\" content=\"https:\/\/www.facebook.com\/baffest\/\" \/>\n<meta property=\"article:modified_time\" content=\"2021-10-01T09:36:45+00:00\" \/>\n<meta property=\"og:image\" content=\"https:\/\/baffest.eus\/wp-content\/uploads\/nona-pop-1024x576.jpg\" \/>\n<meta name=\"twitter:card\" content=\"summary_large_image\" \/>\n<meta name=\"twitter:label1\" content=\"Tiempo de lectura\" \/>\n\t<meta name=\"twitter:data1\" content=\"2 minutos\" \/>\n<script type=\"application\/ld+json\" class=\"yoast-schema-graph\">{\"@context\":\"https:\\\/\\\/schema.org\",\"@graph\":[{\"@type\":\"WebPage\",\"@id\":\"https:\\\/\\\/baffest.eus\\\/es\\\/fotografas-2021\\\/deneb-martos\\\/\",\"url\":\"https:\\\/\\\/baffest.eus\\\/es\\\/fotografas-2021\\\/deneb-martos\\\/\",\"name\":\"Deneb Martos &#8211; BAFFEST Barakaldo\",\"isPartOf\":{\"@id\":\"https:\\\/\\\/baffest.eus\\\/es\\\/#website\"},\"primaryImageOfPage\":{\"@id\":\"https:\\\/\\\/baffest.eus\\\/es\\\/fotografas-2021\\\/deneb-martos\\\/#primaryimage\"},\"image\":{\"@id\":\"https:\\\/\\\/baffest.eus\\\/es\\\/fotografas-2021\\\/deneb-martos\\\/#primaryimage\"},\"thumbnailUrl\":\"https:\\\/\\\/baffest.eus\\\/wp-content\\\/uploads\\\/nona-pop-1024x576.jpg\",\"datePublished\":\"2021-09-24T10:02:59+00:00\",\"dateModified\":\"2021-10-01T09:36:45+00:00\",\"breadcrumb\":{\"@id\":\"https:\\\/\\\/baffest.eus\\\/es\\\/fotografas-2021\\\/deneb-martos\\\/#breadcrumb\"},\"inLanguage\":\"es\",\"potentialAction\":[{\"@type\":\"ReadAction\",\"target\":[\"https:\\\/\\\/baffest.eus\\\/es\\\/fotografas-2021\\\/deneb-martos\\\/\"]}]},{\"@type\":\"ImageObject\",\"inLanguage\":\"es\",\"@id\":\"https:\\\/\\\/baffest.eus\\\/es\\\/fotografas-2021\\\/deneb-martos\\\/#primaryimage\",\"url\":\"https:\\\/\\\/baffest.eus\\\/wp-content\\\/uploads\\\/nona-pop-1024x576.jpg\",\"contentUrl\":\"https:\\\/\\\/baffest.eus\\\/wp-content\\\/uploads\\\/nona-pop-1024x576.jpg\"},{\"@type\":\"BreadcrumbList\",\"@id\":\"https:\\\/\\\/baffest.eus\\\/es\\\/fotografas-2021\\\/deneb-martos\\\/#breadcrumb\",\"itemListElement\":[{\"@type\":\"ListItem\",\"position\":1,\"name\":\"Portada\",\"item\":\"https:\\\/\\\/baffest.eus\\\/es\\\/\"},{\"@type\":\"ListItem\",\"position\":2,\"name\":\"Fot\u00f3grafas 2021\",\"item\":\"https:\\\/\\\/baffest.eus\\\/es\\\/fotografas-2021\\\/\"},{\"@type\":\"ListItem\",\"position\":3,\"name\":\"Deneb Martos\"}]},{\"@type\":\"WebSite\",\"@id\":\"https:\\\/\\\/baffest.eus\\\/es\\\/#website\",\"url\":\"https:\\\/\\\/baffest.eus\\\/es\\\/\",\"name\":\"BAFFEST Barakaldo\",\"description\":\"Festival de mujeres fot\u00f3grafas\",\"publisher\":{\"@id\":\"https:\\\/\\\/baffest.eus\\\/es\\\/#organization\"},\"potentialAction\":[{\"@type\":\"SearchAction\",\"target\":{\"@type\":\"EntryPoint\",\"urlTemplate\":\"https:\\\/\\\/baffest.eus\\\/es\\\/?s={search_term_string}\"},\"query-input\":{\"@type\":\"PropertyValueSpecification\",\"valueRequired\":true,\"valueName\":\"search_term_string\"}}],\"inLanguage\":\"es\"},{\"@type\":\"Organization\",\"@id\":\"https:\\\/\\\/baffest.eus\\\/es\\\/#organization\",\"name\":\"BAFFEST\",\"url\":\"https:\\\/\\\/baffest.eus\\\/es\\\/\",\"logo\":{\"@type\":\"ImageObject\",\"inLanguage\":\"es\",\"@id\":\"https:\\\/\\\/baffest.eus\\\/es\\\/#\\\/schema\\\/logo\\\/image\\\/\",\"url\":\"https:\\\/\\\/baffest.eus\\\/es\\\/wp-content\\\/uploads\\\/sites\\\/2\\\/2025\\\/05\\\/cropped-baffest-10negro-01.png\",\"contentUrl\":\"https:\\\/\\\/baffest.eus\\\/es\\\/wp-content\\\/uploads\\\/sites\\\/2\\\/2025\\\/05\\\/cropped-baffest-10negro-01.png\",\"width\":512,\"height\":512,\"caption\":\"BAFFEST\"},\"image\":{\"@id\":\"https:\\\/\\\/baffest.eus\\\/es\\\/#\\\/schema\\\/logo\\\/image\\\/\"},\"sameAs\":[\"https:\\\/\\\/www.facebook.com\\\/baffest\\\/\",\"https:\\\/\\\/www.instagram.com\\\/baffest.eus\\\/\",\"https:\\\/\\\/www.youtube.com\\\/channel\\\/UC9PTEie6rtYws4WD3egFEYw\"]}]}<\/script>\n<!-- \/ Yoast SEO plugin. -->","yoast_head_json":{"title":"Deneb Martos &#8211; BAFFEST Barakaldo","robots":{"index":"index","follow":"follow","max-snippet":"max-snippet:-1","max-image-preview":"max-image-preview:large","max-video-preview":"max-video-preview:-1"},"canonical":"https:\/\/baffest.eus\/es\/fotografas-2021\/deneb-martos\/","og_locale":"es_ES","og_type":"article","og_title":"Deneb Martos &#8211; BAFFEST Barakaldo","og_description":"Secci\u00f3n principal Skin Film. \u00abUna obra expandida y multidisciplinar en torno a la materialidad del cuerpo y a la creaci\u00f3n de una segunda piel que funciona como un acto de po\u00e9tica pol\u00edtica en tiempos de distanciamiento social\u00bb. Skin Film, un proceso colaborativo con la bailarina Cecilia Gala y el artista sonoro Wade Matthews, en el que Martos, mediante la t\u00e9cnica del quimigrama, viste la piel de Cecilia Gala con celuloide, generando un negativo de su cuerpo. La pel\u00edcula\/piel deviene luz, [&hellip;]","og_url":"https:\/\/baffest.eus\/es\/fotografas-2021\/deneb-martos\/","og_site_name":"BAFFEST Barakaldo","article_publisher":"https:\/\/www.facebook.com\/baffest\/","article_modified_time":"2021-10-01T09:36:45+00:00","og_image":[{"url":"https:\/\/baffest.eus\/wp-content\/uploads\/nona-pop-1024x576.jpg","type":"","width":"","height":""}],"twitter_card":"summary_large_image","twitter_misc":{"Tiempo de lectura":"2 minutos"},"schema":{"@context":"https:\/\/schema.org","@graph":[{"@type":"WebPage","@id":"https:\/\/baffest.eus\/es\/fotografas-2021\/deneb-martos\/","url":"https:\/\/baffest.eus\/es\/fotografas-2021\/deneb-martos\/","name":"Deneb Martos &#8211; BAFFEST Barakaldo","isPartOf":{"@id":"https:\/\/baffest.eus\/es\/#website"},"primaryImageOfPage":{"@id":"https:\/\/baffest.eus\/es\/fotografas-2021\/deneb-martos\/#primaryimage"},"image":{"@id":"https:\/\/baffest.eus\/es\/fotografas-2021\/deneb-martos\/#primaryimage"},"thumbnailUrl":"https:\/\/baffest.eus\/wp-content\/uploads\/nona-pop-1024x576.jpg","datePublished":"2021-09-24T10:02:59+00:00","dateModified":"2021-10-01T09:36:45+00:00","breadcrumb":{"@id":"https:\/\/baffest.eus\/es\/fotografas-2021\/deneb-martos\/#breadcrumb"},"inLanguage":"es","potentialAction":[{"@type":"ReadAction","target":["https:\/\/baffest.eus\/es\/fotografas-2021\/deneb-martos\/"]}]},{"@type":"ImageObject","inLanguage":"es","@id":"https:\/\/baffest.eus\/es\/fotografas-2021\/deneb-martos\/#primaryimage","url":"https:\/\/baffest.eus\/wp-content\/uploads\/nona-pop-1024x576.jpg","contentUrl":"https:\/\/baffest.eus\/wp-content\/uploads\/nona-pop-1024x576.jpg"},{"@type":"BreadcrumbList","@id":"https:\/\/baffest.eus\/es\/fotografas-2021\/deneb-martos\/#breadcrumb","itemListElement":[{"@type":"ListItem","position":1,"name":"Portada","item":"https:\/\/baffest.eus\/es\/"},{"@type":"ListItem","position":2,"name":"Fot\u00f3grafas 2021","item":"https:\/\/baffest.eus\/es\/fotografas-2021\/"},{"@type":"ListItem","position":3,"name":"Deneb Martos"}]},{"@type":"WebSite","@id":"https:\/\/baffest.eus\/es\/#website","url":"https:\/\/baffest.eus\/es\/","name":"BAFFEST Barakaldo","description":"Festival de mujeres fot\u00f3grafas","publisher":{"@id":"https:\/\/baffest.eus\/es\/#organization"},"potentialAction":[{"@type":"SearchAction","target":{"@type":"EntryPoint","urlTemplate":"https:\/\/baffest.eus\/es\/?s={search_term_string}"},"query-input":{"@type":"PropertyValueSpecification","valueRequired":true,"valueName":"search_term_string"}}],"inLanguage":"es"},{"@type":"Organization","@id":"https:\/\/baffest.eus\/es\/#organization","name":"BAFFEST","url":"https:\/\/baffest.eus\/es\/","logo":{"@type":"ImageObject","inLanguage":"es","@id":"https:\/\/baffest.eus\/es\/#\/schema\/logo\/image\/","url":"https:\/\/baffest.eus\/es\/wp-content\/uploads\/sites\/2\/2025\/05\/cropped-baffest-10negro-01.png","contentUrl":"https:\/\/baffest.eus\/es\/wp-content\/uploads\/sites\/2\/2025\/05\/cropped-baffest-10negro-01.png","width":512,"height":512,"caption":"BAFFEST"},"image":{"@id":"https:\/\/baffest.eus\/es\/#\/schema\/logo\/image\/"},"sameAs":["https:\/\/www.facebook.com\/baffest\/","https:\/\/www.instagram.com\/baffest.eus\/","https:\/\/www.youtube.com\/channel\/UC9PTEie6rtYws4WD3egFEYw"]}]}},"_links":{"self":[{"href":"https:\/\/baffest.eus\/es\/wp-json\/wp\/v2\/pages\/915","targetHints":{"allow":["GET"]}}],"collection":[{"href":"https:\/\/baffest.eus\/es\/wp-json\/wp\/v2\/pages"}],"about":[{"href":"https:\/\/baffest.eus\/es\/wp-json\/wp\/v2\/types\/page"}],"author":[{"embeddable":true,"href":"https:\/\/baffest.eus\/es\/wp-json\/wp\/v2\/users\/1"}],"replies":[{"embeddable":true,"href":"https:\/\/baffest.eus\/es\/wp-json\/wp\/v2\/comments?post=915"}],"version-history":[{"count":5,"href":"https:\/\/baffest.eus\/es\/wp-json\/wp\/v2\/pages\/915\/revisions"}],"predecessor-version":[{"id":976,"href":"https:\/\/baffest.eus\/es\/wp-json\/wp\/v2\/pages\/915\/revisions\/976"}],"up":[{"embeddable":true,"href":"https:\/\/baffest.eus\/es\/wp-json\/wp\/v2\/pages\/709"}],"wp:attachment":[{"href":"https:\/\/baffest.eus\/es\/wp-json\/wp\/v2\/media?parent=915"}],"curies":[{"name":"wp","href":"https:\/\/api.w.org\/{rel}","templated":true}]}}