{"id":2504,"date":"2024-09-09T14:22:48","date_gmt":"2024-09-09T12:22:48","guid":{"rendered":"https:\/\/baffest.eus\/es\/?page_id=2504"},"modified":"2024-09-09T14:22:49","modified_gmt":"2024-09-09T12:22:49","slug":"virgina-villacisla","status":"publish","type":"page","link":"https:\/\/baffest.eus\/es\/fotografas-2024\/virgina-villacisla\/","title":{"rendered":"Virgina Villacisla"},"content":{"rendered":"<style>.kb-row-layout-id2504_cc31d6-3f > .kt-row-column-wrap{align-content:start;}:where(.kb-row-layout-id2504_cc31d6-3f > .kt-row-column-wrap) > .wp-block-kadence-column{justify-content:start;}.kb-row-layout-id2504_cc31d6-3f > .kt-row-column-wrap{column-gap:var(--global-kb-gap-md, 2rem);row-gap:var(--global-kb-gap-md, 2rem);padding-top:0px;padding-bottom:0px;grid-template-columns:minmax(0, 1fr) minmax(0, 2fr);}.kb-row-layout-id2504_cc31d6-3f > .kt-row-layout-overlay{opacity:0.30;}@media all and (max-width: 1024px){.kb-row-layout-id2504_cc31d6-3f > .kt-row-column-wrap{grid-template-columns:minmax(0, 1fr) minmax(0, 2fr);}}@media all and (max-width: 767px){.kb-row-layout-id2504_cc31d6-3f > .kt-row-column-wrap{grid-template-columns:minmax(0, 1fr);}}<\/style><div class=\"kb-row-layout-wrap kb-row-layout-id2504_cc31d6-3f alignnone wp-block-kadence-rowlayout\"><div class=\"kt-row-column-wrap kt-has-2-columns kt-row-layout-right-golden kt-tab-layout-inherit kt-mobile-layout-row kt-row-valign-top\">\n<style>.kadence-column2504_d0f222-38 > .kt-inside-inner-col,.kadence-column2504_d0f222-38 > .kt-inside-inner-col:before{border-top-left-radius:0px;border-top-right-radius:0px;border-bottom-right-radius:0px;border-bottom-left-radius:0px;}.kadence-column2504_d0f222-38 > .kt-inside-inner-col{column-gap:var(--global-kb-gap-sm, 1rem);}.kadence-column2504_d0f222-38 > .kt-inside-inner-col{flex-direction:column;}.kadence-column2504_d0f222-38 > .kt-inside-inner-col > .aligncenter{width:100%;}.kadence-column2504_d0f222-38 > .kt-inside-inner-col:before{opacity:0.3;}.kadence-column2504_d0f222-38{position:relative;}@media all and (max-width: 1024px){.kadence-column2504_d0f222-38 > .kt-inside-inner-col{flex-direction:column;justify-content:center;}}@media all and (max-width: 767px){.kadence-column2504_d0f222-38 > .kt-inside-inner-col{flex-direction:column;justify-content:center;}}<\/style>\n<div class=\"wp-block-kadence-column kadence-column2504_d0f222-38 inner-column-1\"><div class=\"kt-inside-inner-col\">\n<figure class=\"wp-block-image size-full\"><img decoding=\"async\" width=\"800\" height=\"866\" src=\"https:\/\/baffest.eus\/es\/wp-content\/uploads\/sites\/2\/2024\/09\/Virginia_Villacisla-ok.pg_.jpg\" alt=\"Virginia Villacisla\" class=\"wp-image-2505\" srcset=\"https:\/\/baffest.eus\/es\/wp-content\/uploads\/sites\/2\/2024\/09\/Virginia_Villacisla-ok.pg_.jpg 800w, https:\/\/baffest.eus\/es\/wp-content\/uploads\/sites\/2\/2024\/09\/Virginia_Villacisla-ok.pg_-277x300.jpg 277w, https:\/\/baffest.eus\/es\/wp-content\/uploads\/sites\/2\/2024\/09\/Virginia_Villacisla-ok.pg_-768x831.jpg 768w, https:\/\/baffest.eus\/es\/wp-content\/uploads\/sites\/2\/2024\/09\/Virginia_Villacisla-ok.pg_-50x54.jpg 50w\" sizes=\"(max-width: 800px) 100vw, 800px\" \/><\/figure>\n<\/div><\/div>\n\n\n<style>.kadence-column2504_43588a-32 > .kt-inside-inner-col,.kadence-column2504_43588a-32 > .kt-inside-inner-col:before{border-top-left-radius:0px;border-top-right-radius:0px;border-bottom-right-radius:0px;border-bottom-left-radius:0px;}.kadence-column2504_43588a-32 > .kt-inside-inner-col{column-gap:var(--global-kb-gap-sm, 1rem);}.kadence-column2504_43588a-32 > .kt-inside-inner-col{flex-direction:column;}.kadence-column2504_43588a-32 > .kt-inside-inner-col > .aligncenter{width:100%;}.kadence-column2504_43588a-32 > .kt-inside-inner-col:before{opacity:0.3;}.kadence-column2504_43588a-32{position:relative;}@media all and (max-width: 1024px){.kadence-column2504_43588a-32 > .kt-inside-inner-col{flex-direction:column;justify-content:center;}}@media all and (max-width: 767px){.kadence-column2504_43588a-32 > .kt-inside-inner-col{flex-direction:column;justify-content:center;}}<\/style>\n<div class=\"wp-block-kadence-column kadence-column2504_43588a-32 inner-column-2\"><div class=\"kt-inside-inner-col\">\n<h3 class=\"wp-block-heading\">Finalista del certamen de fot\u00f3grafas BAFFEST 2024<\/h3>\n\n\n\n<p><strong>Virginia Villacisla<\/strong> (Burgos,1994). Tras finalizar el grado en Comunicaci\u00f3n Audiovisual en Burgos, se traslada a Madrid para estudiar fotograf\u00eda de autor en la Escuela EFTI.<\/p>\n\n\n\n<p>El cuestionamiento de su identidad y el desarraigo propio de la peque\u00f1a localidad rural en la que se cri\u00f3 la llevan a desarrollar su primer proyecto personal \u201cPresencio &amp; The Rural Kids\u201d. Este proyecto, reconocido en diferentes cert\u00e1menes (Seminario de Fotograf\u00eda y Periodismo de Albarrac\u00edn\u2026), expuesto en varias ciudades (Sevilla, Madrid\u2026) y publicado en El Pa\u00eds Semanal, sent\u00f3 las bases de la mirada que la autora desarrollar\u00eda en sus trabajos posteriores: el humor distanciado, la iron\u00eda, la disfuncionalidad y el inter\u00e9s por el mundo rural y su forma de habitarlo.<\/p>\n\n\n\n<p><strong>Gasolina<\/strong><\/p>\n\n\n\n<p><em>\u2018Gasolina\u2019<\/em> es un proyecto que retrata a los aficionados y amantes de la automoci\u00f3n. Durante los pasados meses he acudido a diferentes competiciones de motor, amateurs y profesionales, con el mundo rural como escenario. Exploro el contraste entre un entorno habitualmente tranquilo con estos eventos en los que el ruido y la velocidad son los protagonistas. Me encuentro a personas que provienen de contextos heterog\u00e9neos pero con un punto en com\u00fan: viven por y para quemar gasolina.<\/p>\n\n\n\n<p>Durante un d\u00eda, sin importar el clima o la distancia, todo se centra en el motor. Para pasar unas pocas horas se llevan a toda la familia y la casa a cuestas: caravanas, barbacoas\u2026 Me fascina este devenir fren\u00e9tico por una pasi\u00f3n.<\/p>\n<\/div><\/div>\n\n<\/div><\/div>","protected":false},"excerpt":{"rendered":"<p>Finalista del certamen de fot\u00f3grafas BAFFEST 2024 Virginia Villacisla (Burgos,1994). Tras finalizar el grado en Comunicaci\u00f3n Audiovisual en Burgos, se traslada a Madrid para estudiar fotograf\u00eda de autor en la Escuela EFTI. El cuestionamiento de su identidad y el desarraigo propio de la peque\u00f1a localidad rural en la que se cri\u00f3 la llevan a desarrollar su primer proyecto personal \u201cPresencio &amp; The Rural Kids\u201d. Este proyecto, reconocido en diferentes cert\u00e1menes (Seminario de Fotograf\u00eda y Periodismo de Albarrac\u00edn\u2026), expuesto en varias [&hellip;]<\/p>\n","protected":false},"author":1,"featured_media":0,"parent":2385,"menu_order":1,"comment_status":"closed","ping_status":"closed","template":"templates\/vertical-menu-2024.php","meta":{"footnotes":""},"class_list":["post-2504","page","type-page","status-publish","hentry"],"yoast_head":"<!-- This site is optimized with the Yoast SEO plugin v27.4 - https:\/\/yoast.com\/product\/yoast-seo-wordpress\/ -->\n<title>Virgina Villacisla &#8211; BAFFEST Barakaldo<\/title>\n<meta name=\"robots\" content=\"index, follow, max-snippet:-1, max-image-preview:large, max-video-preview:-1\" \/>\n<link rel=\"canonical\" href=\"https:\/\/baffest.eus\/es\/fotografas-2024\/virgina-villacisla\/\" \/>\n<meta property=\"og:locale\" content=\"es_ES\" \/>\n<meta property=\"og:type\" content=\"article\" \/>\n<meta property=\"og:title\" content=\"Virgina Villacisla &#8211; BAFFEST Barakaldo\" \/>\n<meta property=\"og:description\" content=\"Finalista del certamen de fot\u00f3grafas BAFFEST 2024 Virginia Villacisla (Burgos,1994). Tras finalizar el grado en Comunicaci\u00f3n Audiovisual en Burgos, se traslada a Madrid para estudiar fotograf\u00eda de autor en la Escuela EFTI. El cuestionamiento de su identidad y el desarraigo propio de la peque\u00f1a localidad rural en la que se cri\u00f3 la llevan a desarrollar su primer proyecto personal \u201cPresencio &amp; The Rural Kids\u201d. Este proyecto, reconocido en diferentes cert\u00e1menes (Seminario de Fotograf\u00eda y Periodismo de Albarrac\u00edn\u2026), expuesto en varias [&hellip;]\" \/>\n<meta property=\"og:url\" content=\"https:\/\/baffest.eus\/es\/fotografas-2024\/virgina-villacisla\/\" \/>\n<meta property=\"og:site_name\" content=\"BAFFEST Barakaldo\" \/>\n<meta property=\"article:publisher\" content=\"https:\/\/www.facebook.com\/baffest\/\" \/>\n<meta property=\"article:modified_time\" content=\"2024-09-09T12:22:49+00:00\" \/>\n<meta property=\"og:image\" content=\"https:\/\/baffest.eus\/es\/wp-content\/uploads\/sites\/2\/2024\/09\/Virginia_Villacisla-ok.pg_.jpg\" \/>\n<meta name=\"twitter:card\" content=\"summary_large_image\" \/>\n<meta name=\"twitter:label1\" content=\"Tiempo de lectura\" \/>\n\t<meta name=\"twitter:data1\" content=\"2 minutos\" \/>\n<script type=\"application\/ld+json\" class=\"yoast-schema-graph\">{\"@context\":\"https:\\\/\\\/schema.org\",\"@graph\":[{\"@type\":\"WebPage\",\"@id\":\"https:\\\/\\\/baffest.eus\\\/es\\\/fotografas-2024\\\/virgina-villacisla\\\/\",\"url\":\"https:\\\/\\\/baffest.eus\\\/es\\\/fotografas-2024\\\/virgina-villacisla\\\/\",\"name\":\"Virgina Villacisla &#8211; BAFFEST Barakaldo\",\"isPartOf\":{\"@id\":\"https:\\\/\\\/baffest.eus\\\/es\\\/#website\"},\"primaryImageOfPage\":{\"@id\":\"https:\\\/\\\/baffest.eus\\\/es\\\/fotografas-2024\\\/virgina-villacisla\\\/#primaryimage\"},\"image\":{\"@id\":\"https:\\\/\\\/baffest.eus\\\/es\\\/fotografas-2024\\\/virgina-villacisla\\\/#primaryimage\"},\"thumbnailUrl\":\"https:\\\/\\\/baffest.eus\\\/es\\\/wp-content\\\/uploads\\\/sites\\\/2\\\/2024\\\/09\\\/Virginia_Villacisla-ok.pg_.jpg\",\"datePublished\":\"2024-09-09T12:22:48+00:00\",\"dateModified\":\"2024-09-09T12:22:49+00:00\",\"breadcrumb\":{\"@id\":\"https:\\\/\\\/baffest.eus\\\/es\\\/fotografas-2024\\\/virgina-villacisla\\\/#breadcrumb\"},\"inLanguage\":\"es\",\"potentialAction\":[{\"@type\":\"ReadAction\",\"target\":[\"https:\\\/\\\/baffest.eus\\\/es\\\/fotografas-2024\\\/virgina-villacisla\\\/\"]}]},{\"@type\":\"ImageObject\",\"inLanguage\":\"es\",\"@id\":\"https:\\\/\\\/baffest.eus\\\/es\\\/fotografas-2024\\\/virgina-villacisla\\\/#primaryimage\",\"url\":\"https:\\\/\\\/baffest.eus\\\/es\\\/wp-content\\\/uploads\\\/sites\\\/2\\\/2024\\\/09\\\/Virginia_Villacisla-ok.pg_.jpg\",\"contentUrl\":\"https:\\\/\\\/baffest.eus\\\/es\\\/wp-content\\\/uploads\\\/sites\\\/2\\\/2024\\\/09\\\/Virginia_Villacisla-ok.pg_.jpg\",\"width\":800,\"height\":866,\"caption\":\"Virginia Villacisla\"},{\"@type\":\"BreadcrumbList\",\"@id\":\"https:\\\/\\\/baffest.eus\\\/es\\\/fotografas-2024\\\/virgina-villacisla\\\/#breadcrumb\",\"itemListElement\":[{\"@type\":\"ListItem\",\"position\":1,\"name\":\"Portada\",\"item\":\"https:\\\/\\\/baffest.eus\\\/es\\\/\"},{\"@type\":\"ListItem\",\"position\":2,\"name\":\"Fot\u00f3grafas 2024\",\"item\":\"https:\\\/\\\/baffest.eus\\\/es\\\/fotografas-2024\\\/\"},{\"@type\":\"ListItem\",\"position\":3,\"name\":\"Virgina Villacisla\"}]},{\"@type\":\"WebSite\",\"@id\":\"https:\\\/\\\/baffest.eus\\\/es\\\/#website\",\"url\":\"https:\\\/\\\/baffest.eus\\\/es\\\/\",\"name\":\"BAFFEST Barakaldo\",\"description\":\"Festival de mujeres fot\u00f3grafas\",\"publisher\":{\"@id\":\"https:\\\/\\\/baffest.eus\\\/es\\\/#organization\"},\"potentialAction\":[{\"@type\":\"SearchAction\",\"target\":{\"@type\":\"EntryPoint\",\"urlTemplate\":\"https:\\\/\\\/baffest.eus\\\/es\\\/?s={search_term_string}\"},\"query-input\":{\"@type\":\"PropertyValueSpecification\",\"valueRequired\":true,\"valueName\":\"search_term_string\"}}],\"inLanguage\":\"es\"},{\"@type\":\"Organization\",\"@id\":\"https:\\\/\\\/baffest.eus\\\/es\\\/#organization\",\"name\":\"BAFFEST\",\"url\":\"https:\\\/\\\/baffest.eus\\\/es\\\/\",\"logo\":{\"@type\":\"ImageObject\",\"inLanguage\":\"es\",\"@id\":\"https:\\\/\\\/baffest.eus\\\/es\\\/#\\\/schema\\\/logo\\\/image\\\/\",\"url\":\"https:\\\/\\\/baffest.eus\\\/es\\\/wp-content\\\/uploads\\\/sites\\\/2\\\/2025\\\/05\\\/cropped-baffest-10negro-01.png\",\"contentUrl\":\"https:\\\/\\\/baffest.eus\\\/es\\\/wp-content\\\/uploads\\\/sites\\\/2\\\/2025\\\/05\\\/cropped-baffest-10negro-01.png\",\"width\":512,\"height\":512,\"caption\":\"BAFFEST\"},\"image\":{\"@id\":\"https:\\\/\\\/baffest.eus\\\/es\\\/#\\\/schema\\\/logo\\\/image\\\/\"},\"sameAs\":[\"https:\\\/\\\/www.facebook.com\\\/baffest\\\/\",\"https:\\\/\\\/www.instagram.com\\\/baffest.eus\\\/\",\"https:\\\/\\\/www.youtube.com\\\/channel\\\/UC9PTEie6rtYws4WD3egFEYw\"]}]}<\/script>\n<!-- \/ Yoast SEO plugin. -->","yoast_head_json":{"title":"Virgina Villacisla &#8211; BAFFEST Barakaldo","robots":{"index":"index","follow":"follow","max-snippet":"max-snippet:-1","max-image-preview":"max-image-preview:large","max-video-preview":"max-video-preview:-1"},"canonical":"https:\/\/baffest.eus\/es\/fotografas-2024\/virgina-villacisla\/","og_locale":"es_ES","og_type":"article","og_title":"Virgina Villacisla &#8211; BAFFEST Barakaldo","og_description":"Finalista del certamen de fot\u00f3grafas BAFFEST 2024 Virginia Villacisla (Burgos,1994). Tras finalizar el grado en Comunicaci\u00f3n Audiovisual en Burgos, se traslada a Madrid para estudiar fotograf\u00eda de autor en la Escuela EFTI. El cuestionamiento de su identidad y el desarraigo propio de la peque\u00f1a localidad rural en la que se cri\u00f3 la llevan a desarrollar su primer proyecto personal \u201cPresencio &amp; The Rural Kids\u201d. Este proyecto, reconocido en diferentes cert\u00e1menes (Seminario de Fotograf\u00eda y Periodismo de Albarrac\u00edn\u2026), expuesto en varias [&hellip;]","og_url":"https:\/\/baffest.eus\/es\/fotografas-2024\/virgina-villacisla\/","og_site_name":"BAFFEST Barakaldo","article_publisher":"https:\/\/www.facebook.com\/baffest\/","article_modified_time":"2024-09-09T12:22:49+00:00","og_image":[{"url":"https:\/\/baffest.eus\/es\/wp-content\/uploads\/sites\/2\/2024\/09\/Virginia_Villacisla-ok.pg_.jpg","type":"","width":"","height":""}],"twitter_card":"summary_large_image","twitter_misc":{"Tiempo de lectura":"2 minutos"},"schema":{"@context":"https:\/\/schema.org","@graph":[{"@type":"WebPage","@id":"https:\/\/baffest.eus\/es\/fotografas-2024\/virgina-villacisla\/","url":"https:\/\/baffest.eus\/es\/fotografas-2024\/virgina-villacisla\/","name":"Virgina Villacisla &#8211; BAFFEST Barakaldo","isPartOf":{"@id":"https:\/\/baffest.eus\/es\/#website"},"primaryImageOfPage":{"@id":"https:\/\/baffest.eus\/es\/fotografas-2024\/virgina-villacisla\/#primaryimage"},"image":{"@id":"https:\/\/baffest.eus\/es\/fotografas-2024\/virgina-villacisla\/#primaryimage"},"thumbnailUrl":"https:\/\/baffest.eus\/es\/wp-content\/uploads\/sites\/2\/2024\/09\/Virginia_Villacisla-ok.pg_.jpg","datePublished":"2024-09-09T12:22:48+00:00","dateModified":"2024-09-09T12:22:49+00:00","breadcrumb":{"@id":"https:\/\/baffest.eus\/es\/fotografas-2024\/virgina-villacisla\/#breadcrumb"},"inLanguage":"es","potentialAction":[{"@type":"ReadAction","target":["https:\/\/baffest.eus\/es\/fotografas-2024\/virgina-villacisla\/"]}]},{"@type":"ImageObject","inLanguage":"es","@id":"https:\/\/baffest.eus\/es\/fotografas-2024\/virgina-villacisla\/#primaryimage","url":"https:\/\/baffest.eus\/es\/wp-content\/uploads\/sites\/2\/2024\/09\/Virginia_Villacisla-ok.pg_.jpg","contentUrl":"https:\/\/baffest.eus\/es\/wp-content\/uploads\/sites\/2\/2024\/09\/Virginia_Villacisla-ok.pg_.jpg","width":800,"height":866,"caption":"Virginia Villacisla"},{"@type":"BreadcrumbList","@id":"https:\/\/baffest.eus\/es\/fotografas-2024\/virgina-villacisla\/#breadcrumb","itemListElement":[{"@type":"ListItem","position":1,"name":"Portada","item":"https:\/\/baffest.eus\/es\/"},{"@type":"ListItem","position":2,"name":"Fot\u00f3grafas 2024","item":"https:\/\/baffest.eus\/es\/fotografas-2024\/"},{"@type":"ListItem","position":3,"name":"Virgina Villacisla"}]},{"@type":"WebSite","@id":"https:\/\/baffest.eus\/es\/#website","url":"https:\/\/baffest.eus\/es\/","name":"BAFFEST Barakaldo","description":"Festival de mujeres fot\u00f3grafas","publisher":{"@id":"https:\/\/baffest.eus\/es\/#organization"},"potentialAction":[{"@type":"SearchAction","target":{"@type":"EntryPoint","urlTemplate":"https:\/\/baffest.eus\/es\/?s={search_term_string}"},"query-input":{"@type":"PropertyValueSpecification","valueRequired":true,"valueName":"search_term_string"}}],"inLanguage":"es"},{"@type":"Organization","@id":"https:\/\/baffest.eus\/es\/#organization","name":"BAFFEST","url":"https:\/\/baffest.eus\/es\/","logo":{"@type":"ImageObject","inLanguage":"es","@id":"https:\/\/baffest.eus\/es\/#\/schema\/logo\/image\/","url":"https:\/\/baffest.eus\/es\/wp-content\/uploads\/sites\/2\/2025\/05\/cropped-baffest-10negro-01.png","contentUrl":"https:\/\/baffest.eus\/es\/wp-content\/uploads\/sites\/2\/2025\/05\/cropped-baffest-10negro-01.png","width":512,"height":512,"caption":"BAFFEST"},"image":{"@id":"https:\/\/baffest.eus\/es\/#\/schema\/logo\/image\/"},"sameAs":["https:\/\/www.facebook.com\/baffest\/","https:\/\/www.instagram.com\/baffest.eus\/","https:\/\/www.youtube.com\/channel\/UC9PTEie6rtYws4WD3egFEYw"]}]}},"_links":{"self":[{"href":"https:\/\/baffest.eus\/es\/wp-json\/wp\/v2\/pages\/2504","targetHints":{"allow":["GET"]}}],"collection":[{"href":"https:\/\/baffest.eus\/es\/wp-json\/wp\/v2\/pages"}],"about":[{"href":"https:\/\/baffest.eus\/es\/wp-json\/wp\/v2\/types\/page"}],"author":[{"embeddable":true,"href":"https:\/\/baffest.eus\/es\/wp-json\/wp\/v2\/users\/1"}],"replies":[{"embeddable":true,"href":"https:\/\/baffest.eus\/es\/wp-json\/wp\/v2\/comments?post=2504"}],"version-history":[{"count":1,"href":"https:\/\/baffest.eus\/es\/wp-json\/wp\/v2\/pages\/2504\/revisions"}],"predecessor-version":[{"id":2506,"href":"https:\/\/baffest.eus\/es\/wp-json\/wp\/v2\/pages\/2504\/revisions\/2506"}],"up":[{"embeddable":true,"href":"https:\/\/baffest.eus\/es\/wp-json\/wp\/v2\/pages\/2385"}],"wp:attachment":[{"href":"https:\/\/baffest.eus\/es\/wp-json\/wp\/v2\/media?parent=2504"}],"curies":[{"name":"wp","href":"https:\/\/api.w.org\/{rel}","templated":true}]}}