{"id":2069,"date":"2023-07-26T10:19:44","date_gmt":"2023-07-26T08:19:44","guid":{"rendered":"https:\/\/baffest.eus\/es\/?page_id=2069"},"modified":"2023-09-26T10:47:45","modified_gmt":"2023-09-26T08:47:45","slug":"malu-reigal","status":"publish","type":"page","link":"https:\/\/baffest.eus\/es\/fotografas-2023\/malu-reigal\/","title":{"rendered":"Malu Reigal"},"content":{"rendered":"<style>.kb-row-layout-id2069_2bf392-6e > .kt-row-column-wrap{align-content:start;}:where(.kb-row-layout-id2069_2bf392-6e > .kt-row-column-wrap) > .wp-block-kadence-column{justify-content:start;}.kb-row-layout-id2069_2bf392-6e > .kt-row-column-wrap{column-gap:var(--global-kb-gap-md, 2rem);row-gap:var(--global-kb-gap-md, 2rem);padding-top:0px;padding-bottom:0px;grid-template-columns:minmax(0, 1fr) minmax(0, 2fr);}.kb-row-layout-id2069_2bf392-6e > .kt-row-layout-overlay{opacity:0.30;}@media all and (max-width: 1024px){.kb-row-layout-id2069_2bf392-6e > .kt-row-column-wrap{grid-template-columns:minmax(0, 1fr) minmax(0, 2fr);}}@media all and (max-width: 767px){.kb-row-layout-id2069_2bf392-6e > .kt-row-column-wrap{grid-template-columns:minmax(0, 1fr);}}<\/style><div class=\"kb-row-layout-wrap kb-row-layout-id2069_2bf392-6e alignnone wp-block-kadence-rowlayout\"><div class=\"kt-row-column-wrap kt-has-2-columns kt-row-layout-right-golden kt-tab-layout-inherit kt-mobile-layout-row kt-row-valign-top\">\n<style>.kadence-column2069_4828f5-22 > .kt-inside-inner-col,.kadence-column2069_4828f5-22 > .kt-inside-inner-col:before{border-top-left-radius:0px;border-top-right-radius:0px;border-bottom-right-radius:0px;border-bottom-left-radius:0px;}.kadence-column2069_4828f5-22 > .kt-inside-inner-col{column-gap:var(--global-kb-gap-sm, 1rem);}.kadence-column2069_4828f5-22 > .kt-inside-inner-col{flex-direction:column;}.kadence-column2069_4828f5-22 > .kt-inside-inner-col > .aligncenter{width:100%;}.kadence-column2069_4828f5-22 > .kt-inside-inner-col:before{opacity:0.3;}.kadence-column2069_4828f5-22{position:relative;}@media all and (max-width: 1024px){.kadence-column2069_4828f5-22 > .kt-inside-inner-col{flex-direction:column;justify-content:center;}}@media all and (max-width: 767px){.kadence-column2069_4828f5-22 > .kt-inside-inner-col{flex-direction:column;justify-content:center;}}<\/style>\n<div class=\"wp-block-kadence-column kadence-column2069_4828f5-22 inner-column-1\"><div class=\"kt-inside-inner-col\">\n<figure class=\"wp-block-image size-full\"><img decoding=\"async\" width=\"715\" height=\"1000\" src=\"https:\/\/baffest.eus\/es\/wp-content\/uploads\/sites\/2\/2023\/07\/Malu-Reigal.jpg\" alt=\"Malu Reigal\" class=\"wp-image-2087\" srcset=\"https:\/\/baffest.eus\/es\/wp-content\/uploads\/sites\/2\/2023\/07\/Malu-Reigal.jpg 715w, https:\/\/baffest.eus\/es\/wp-content\/uploads\/sites\/2\/2023\/07\/Malu-Reigal-215x300.jpg 215w\" sizes=\"(max-width: 715px) 100vw, 715px\" \/><\/figure>\n<\/div><\/div>\n\n\n<style>.kadence-column2069_5eea9e-d0 > .kt-inside-inner-col,.kadence-column2069_5eea9e-d0 > .kt-inside-inner-col:before{border-top-left-radius:0px;border-top-right-radius:0px;border-bottom-right-radius:0px;border-bottom-left-radius:0px;}.kadence-column2069_5eea9e-d0 > .kt-inside-inner-col{column-gap:var(--global-kb-gap-sm, 1rem);}.kadence-column2069_5eea9e-d0 > .kt-inside-inner-col{flex-direction:column;}.kadence-column2069_5eea9e-d0 > .kt-inside-inner-col > .aligncenter{width:100%;}.kadence-column2069_5eea9e-d0 > .kt-inside-inner-col:before{opacity:0.3;}.kadence-column2069_5eea9e-d0{position:relative;}@media all and (max-width: 1024px){.kadence-column2069_5eea9e-d0 > .kt-inside-inner-col{flex-direction:column;justify-content:center;}}@media all and (max-width: 767px){.kadence-column2069_5eea9e-d0 > .kt-inside-inner-col{flex-direction:column;justify-content:center;}}<\/style>\n<div class=\"wp-block-kadence-column kadence-column2069_5eea9e-d0 inner-column-2\"><div class=\"kt-inside-inner-col\">\n<p><strong>Malu Reigal <\/strong>(Murcia, 1992). Graduada en Arquitectura por la Universidad Polit\u00e9cnica de Cartagena en 2019 y M\u00e1ster en Fotograf\u00eda y Dise\u00f1o en el a\u00f1o 2021 por Shifta Elisava &#8211; Universitat Pompeu Fabra. En 2022 gana la Beca Lens para cursar el M\u00e1ster Online en Creaci\u00f3n Fotogr\u00e1fica MAPA de Lens Escuela de Artes Visuales en el curso 2022\/23 con su proyecto&nbsp;<em>Pan, pijo y habas<\/em>.&nbsp;<\/p>\n\n\n\n<p>Su actividad profesional siempre ha estado ligada a la creaci\u00f3n y la comunicaci\u00f3n como dise\u00f1adora, fot\u00f3grafa o directora de arte.&nbsp;<\/p>\n<\/div><\/div>\n\n<\/div><\/div>","protected":false},"excerpt":{"rendered":"<p>Malu Reigal (Murcia, 1992). Graduada en Arquitectura por la Universidad Polit\u00e9cnica de Cartagena en 2019 y M\u00e1ster en Fotograf\u00eda y Dise\u00f1o en el a\u00f1o 2021 por Shifta Elisava &#8211; Universitat Pompeu Fabra. En 2022 gana la Beca Lens para cursar el M\u00e1ster Online en Creaci\u00f3n Fotogr\u00e1fica MAPA de Lens Escuela de Artes Visuales en el curso 2022\/23 con su proyecto&nbsp;Pan, pijo y habas.&nbsp; Su actividad profesional siempre ha estado ligada a la creaci\u00f3n y la comunicaci\u00f3n como dise\u00f1adora, fot\u00f3grafa o [&hellip;]<\/p>\n","protected":false},"author":1,"featured_media":0,"parent":1883,"menu_order":8,"comment_status":"closed","ping_status":"closed","template":"templates\/vertical-menu-2023.php","meta":{"footnotes":""},"class_list":["post-2069","page","type-page","status-publish","hentry"],"yoast_head":"<!-- This site is optimized with the Yoast SEO plugin v27.4 - https:\/\/yoast.com\/product\/yoast-seo-wordpress\/ -->\n<title>Malu Reigal &#8211; BAFFEST Barakaldo<\/title>\n<meta name=\"robots\" content=\"index, follow, max-snippet:-1, max-image-preview:large, max-video-preview:-1\" \/>\n<link rel=\"canonical\" href=\"https:\/\/baffest.eus\/es\/fotografas-2023\/malu-reigal\/\" \/>\n<meta property=\"og:locale\" content=\"es_ES\" \/>\n<meta property=\"og:type\" content=\"article\" \/>\n<meta property=\"og:title\" content=\"Malu Reigal &#8211; BAFFEST Barakaldo\" \/>\n<meta property=\"og:description\" content=\"Malu Reigal (Murcia, 1992). Graduada en Arquitectura por la Universidad Polit\u00e9cnica de Cartagena en 2019 y M\u00e1ster en Fotograf\u00eda y Dise\u00f1o en el a\u00f1o 2021 por Shifta Elisava &#8211; Universitat Pompeu Fabra. En 2022 gana la Beca Lens para cursar el M\u00e1ster Online en Creaci\u00f3n Fotogr\u00e1fica MAPA de Lens Escuela de Artes Visuales en el curso 2022\/23 con su proyecto&nbsp;Pan, pijo y habas.&nbsp; Su actividad profesional siempre ha estado ligada a la creaci\u00f3n y la comunicaci\u00f3n como dise\u00f1adora, fot\u00f3grafa o [&hellip;]\" \/>\n<meta property=\"og:url\" content=\"https:\/\/baffest.eus\/es\/fotografas-2023\/malu-reigal\/\" \/>\n<meta property=\"og:site_name\" content=\"BAFFEST Barakaldo\" \/>\n<meta property=\"article:publisher\" content=\"https:\/\/www.facebook.com\/baffest\/\" \/>\n<meta property=\"article:modified_time\" content=\"2023-09-26T08:47:45+00:00\" \/>\n<meta property=\"og:image\" content=\"https:\/\/baffest.eus\/es\/wp-content\/uploads\/sites\/2\/2023\/07\/Malu-Reigal.jpg\" \/>\n<meta name=\"twitter:card\" content=\"summary_large_image\" \/>\n<meta name=\"twitter:label1\" content=\"Tiempo de lectura\" \/>\n\t<meta name=\"twitter:data1\" content=\"1 minuto\" \/>\n<script type=\"application\/ld+json\" class=\"yoast-schema-graph\">{\"@context\":\"https:\\\/\\\/schema.org\",\"@graph\":[{\"@type\":\"WebPage\",\"@id\":\"https:\\\/\\\/baffest.eus\\\/es\\\/fotografas-2023\\\/malu-reigal\\\/\",\"url\":\"https:\\\/\\\/baffest.eus\\\/es\\\/fotografas-2023\\\/malu-reigal\\\/\",\"name\":\"Malu Reigal &#8211; BAFFEST Barakaldo\",\"isPartOf\":{\"@id\":\"https:\\\/\\\/baffest.eus\\\/es\\\/#website\"},\"primaryImageOfPage\":{\"@id\":\"https:\\\/\\\/baffest.eus\\\/es\\\/fotografas-2023\\\/malu-reigal\\\/#primaryimage\"},\"image\":{\"@id\":\"https:\\\/\\\/baffest.eus\\\/es\\\/fotografas-2023\\\/malu-reigal\\\/#primaryimage\"},\"thumbnailUrl\":\"https:\\\/\\\/baffest.eus\\\/es\\\/wp-content\\\/uploads\\\/sites\\\/2\\\/2023\\\/07\\\/Malu-Reigal.jpg\",\"datePublished\":\"2023-07-26T08:19:44+00:00\",\"dateModified\":\"2023-09-26T08:47:45+00:00\",\"breadcrumb\":{\"@id\":\"https:\\\/\\\/baffest.eus\\\/es\\\/fotografas-2023\\\/malu-reigal\\\/#breadcrumb\"},\"inLanguage\":\"es\",\"potentialAction\":[{\"@type\":\"ReadAction\",\"target\":[\"https:\\\/\\\/baffest.eus\\\/es\\\/fotografas-2023\\\/malu-reigal\\\/\"]}]},{\"@type\":\"ImageObject\",\"inLanguage\":\"es\",\"@id\":\"https:\\\/\\\/baffest.eus\\\/es\\\/fotografas-2023\\\/malu-reigal\\\/#primaryimage\",\"url\":\"https:\\\/\\\/baffest.eus\\\/es\\\/wp-content\\\/uploads\\\/sites\\\/2\\\/2023\\\/07\\\/Malu-Reigal.jpg\",\"contentUrl\":\"https:\\\/\\\/baffest.eus\\\/es\\\/wp-content\\\/uploads\\\/sites\\\/2\\\/2023\\\/07\\\/Malu-Reigal.jpg\",\"width\":715,\"height\":1000,\"caption\":\"Malu Reigal\"},{\"@type\":\"BreadcrumbList\",\"@id\":\"https:\\\/\\\/baffest.eus\\\/es\\\/fotografas-2023\\\/malu-reigal\\\/#breadcrumb\",\"itemListElement\":[{\"@type\":\"ListItem\",\"position\":1,\"name\":\"Portada\",\"item\":\"https:\\\/\\\/baffest.eus\\\/es\\\/\"},{\"@type\":\"ListItem\",\"position\":2,\"name\":\"Fot\u00f3grafas 2023\",\"item\":\"https:\\\/\\\/baffest.eus\\\/es\\\/fotografas-2023\\\/\"},{\"@type\":\"ListItem\",\"position\":3,\"name\":\"Malu Reigal\"}]},{\"@type\":\"WebSite\",\"@id\":\"https:\\\/\\\/baffest.eus\\\/es\\\/#website\",\"url\":\"https:\\\/\\\/baffest.eus\\\/es\\\/\",\"name\":\"BAFFEST Barakaldo\",\"description\":\"Festival de mujeres fot\u00f3grafas\",\"publisher\":{\"@id\":\"https:\\\/\\\/baffest.eus\\\/es\\\/#organization\"},\"potentialAction\":[{\"@type\":\"SearchAction\",\"target\":{\"@type\":\"EntryPoint\",\"urlTemplate\":\"https:\\\/\\\/baffest.eus\\\/es\\\/?s={search_term_string}\"},\"query-input\":{\"@type\":\"PropertyValueSpecification\",\"valueRequired\":true,\"valueName\":\"search_term_string\"}}],\"inLanguage\":\"es\"},{\"@type\":\"Organization\",\"@id\":\"https:\\\/\\\/baffest.eus\\\/es\\\/#organization\",\"name\":\"BAFFEST\",\"url\":\"https:\\\/\\\/baffest.eus\\\/es\\\/\",\"logo\":{\"@type\":\"ImageObject\",\"inLanguage\":\"es\",\"@id\":\"https:\\\/\\\/baffest.eus\\\/es\\\/#\\\/schema\\\/logo\\\/image\\\/\",\"url\":\"https:\\\/\\\/baffest.eus\\\/es\\\/wp-content\\\/uploads\\\/sites\\\/2\\\/2025\\\/05\\\/cropped-baffest-10negro-01.png\",\"contentUrl\":\"https:\\\/\\\/baffest.eus\\\/es\\\/wp-content\\\/uploads\\\/sites\\\/2\\\/2025\\\/05\\\/cropped-baffest-10negro-01.png\",\"width\":512,\"height\":512,\"caption\":\"BAFFEST\"},\"image\":{\"@id\":\"https:\\\/\\\/baffest.eus\\\/es\\\/#\\\/schema\\\/logo\\\/image\\\/\"},\"sameAs\":[\"https:\\\/\\\/www.facebook.com\\\/baffest\\\/\",\"https:\\\/\\\/www.instagram.com\\\/baffest.eus\\\/\",\"https:\\\/\\\/www.youtube.com\\\/channel\\\/UC9PTEie6rtYws4WD3egFEYw\"]}]}<\/script>\n<!-- \/ Yoast SEO plugin. -->","yoast_head_json":{"title":"Malu Reigal &#8211; BAFFEST Barakaldo","robots":{"index":"index","follow":"follow","max-snippet":"max-snippet:-1","max-image-preview":"max-image-preview:large","max-video-preview":"max-video-preview:-1"},"canonical":"https:\/\/baffest.eus\/es\/fotografas-2023\/malu-reigal\/","og_locale":"es_ES","og_type":"article","og_title":"Malu Reigal &#8211; BAFFEST Barakaldo","og_description":"Malu Reigal (Murcia, 1992). Graduada en Arquitectura por la Universidad Polit\u00e9cnica de Cartagena en 2019 y M\u00e1ster en Fotograf\u00eda y Dise\u00f1o en el a\u00f1o 2021 por Shifta Elisava &#8211; Universitat Pompeu Fabra. En 2022 gana la Beca Lens para cursar el M\u00e1ster Online en Creaci\u00f3n Fotogr\u00e1fica MAPA de Lens Escuela de Artes Visuales en el curso 2022\/23 con su proyecto&nbsp;Pan, pijo y habas.&nbsp; Su actividad profesional siempre ha estado ligada a la creaci\u00f3n y la comunicaci\u00f3n como dise\u00f1adora, fot\u00f3grafa o [&hellip;]","og_url":"https:\/\/baffest.eus\/es\/fotografas-2023\/malu-reigal\/","og_site_name":"BAFFEST Barakaldo","article_publisher":"https:\/\/www.facebook.com\/baffest\/","article_modified_time":"2023-09-26T08:47:45+00:00","og_image":[{"url":"https:\/\/baffest.eus\/es\/wp-content\/uploads\/sites\/2\/2023\/07\/Malu-Reigal.jpg","type":"","width":"","height":""}],"twitter_card":"summary_large_image","twitter_misc":{"Tiempo de lectura":"1 minuto"},"schema":{"@context":"https:\/\/schema.org","@graph":[{"@type":"WebPage","@id":"https:\/\/baffest.eus\/es\/fotografas-2023\/malu-reigal\/","url":"https:\/\/baffest.eus\/es\/fotografas-2023\/malu-reigal\/","name":"Malu Reigal &#8211; BAFFEST Barakaldo","isPartOf":{"@id":"https:\/\/baffest.eus\/es\/#website"},"primaryImageOfPage":{"@id":"https:\/\/baffest.eus\/es\/fotografas-2023\/malu-reigal\/#primaryimage"},"image":{"@id":"https:\/\/baffest.eus\/es\/fotografas-2023\/malu-reigal\/#primaryimage"},"thumbnailUrl":"https:\/\/baffest.eus\/es\/wp-content\/uploads\/sites\/2\/2023\/07\/Malu-Reigal.jpg","datePublished":"2023-07-26T08:19:44+00:00","dateModified":"2023-09-26T08:47:45+00:00","breadcrumb":{"@id":"https:\/\/baffest.eus\/es\/fotografas-2023\/malu-reigal\/#breadcrumb"},"inLanguage":"es","potentialAction":[{"@type":"ReadAction","target":["https:\/\/baffest.eus\/es\/fotografas-2023\/malu-reigal\/"]}]},{"@type":"ImageObject","inLanguage":"es","@id":"https:\/\/baffest.eus\/es\/fotografas-2023\/malu-reigal\/#primaryimage","url":"https:\/\/baffest.eus\/es\/wp-content\/uploads\/sites\/2\/2023\/07\/Malu-Reigal.jpg","contentUrl":"https:\/\/baffest.eus\/es\/wp-content\/uploads\/sites\/2\/2023\/07\/Malu-Reigal.jpg","width":715,"height":1000,"caption":"Malu Reigal"},{"@type":"BreadcrumbList","@id":"https:\/\/baffest.eus\/es\/fotografas-2023\/malu-reigal\/#breadcrumb","itemListElement":[{"@type":"ListItem","position":1,"name":"Portada","item":"https:\/\/baffest.eus\/es\/"},{"@type":"ListItem","position":2,"name":"Fot\u00f3grafas 2023","item":"https:\/\/baffest.eus\/es\/fotografas-2023\/"},{"@type":"ListItem","position":3,"name":"Malu Reigal"}]},{"@type":"WebSite","@id":"https:\/\/baffest.eus\/es\/#website","url":"https:\/\/baffest.eus\/es\/","name":"BAFFEST Barakaldo","description":"Festival de mujeres fot\u00f3grafas","publisher":{"@id":"https:\/\/baffest.eus\/es\/#organization"},"potentialAction":[{"@type":"SearchAction","target":{"@type":"EntryPoint","urlTemplate":"https:\/\/baffest.eus\/es\/?s={search_term_string}"},"query-input":{"@type":"PropertyValueSpecification","valueRequired":true,"valueName":"search_term_string"}}],"inLanguage":"es"},{"@type":"Organization","@id":"https:\/\/baffest.eus\/es\/#organization","name":"BAFFEST","url":"https:\/\/baffest.eus\/es\/","logo":{"@type":"ImageObject","inLanguage":"es","@id":"https:\/\/baffest.eus\/es\/#\/schema\/logo\/image\/","url":"https:\/\/baffest.eus\/es\/wp-content\/uploads\/sites\/2\/2025\/05\/cropped-baffest-10negro-01.png","contentUrl":"https:\/\/baffest.eus\/es\/wp-content\/uploads\/sites\/2\/2025\/05\/cropped-baffest-10negro-01.png","width":512,"height":512,"caption":"BAFFEST"},"image":{"@id":"https:\/\/baffest.eus\/es\/#\/schema\/logo\/image\/"},"sameAs":["https:\/\/www.facebook.com\/baffest\/","https:\/\/www.instagram.com\/baffest.eus\/","https:\/\/www.youtube.com\/channel\/UC9PTEie6rtYws4WD3egFEYw"]}]}},"_links":{"self":[{"href":"https:\/\/baffest.eus\/es\/wp-json\/wp\/v2\/pages\/2069","targetHints":{"allow":["GET"]}}],"collection":[{"href":"https:\/\/baffest.eus\/es\/wp-json\/wp\/v2\/pages"}],"about":[{"href":"https:\/\/baffest.eus\/es\/wp-json\/wp\/v2\/types\/page"}],"author":[{"embeddable":true,"href":"https:\/\/baffest.eus\/es\/wp-json\/wp\/v2\/users\/1"}],"replies":[{"embeddable":true,"href":"https:\/\/baffest.eus\/es\/wp-json\/wp\/v2\/comments?post=2069"}],"version-history":[{"count":4,"href":"https:\/\/baffest.eus\/es\/wp-json\/wp\/v2\/pages\/2069\/revisions"}],"predecessor-version":[{"id":2165,"href":"https:\/\/baffest.eus\/es\/wp-json\/wp\/v2\/pages\/2069\/revisions\/2165"}],"up":[{"embeddable":true,"href":"https:\/\/baffest.eus\/es\/wp-json\/wp\/v2\/pages\/1883"}],"wp:attachment":[{"href":"https:\/\/baffest.eus\/es\/wp-json\/wp\/v2\/media?parent=2069"}],"curies":[{"name":"wp","href":"https:\/\/api.w.org\/{rel}","templated":true}]}}